{"id":745,"date":"2026-01-25T06:36:44","date_gmt":"2026-01-25T08:36:44","guid":{"rendered":"https:\/\/web.vu.lt\/ff\/a.gelzinis\/?page_id=745"},"modified":"2026-04-12T08:34:52","modified_gmt":"2026-04-12T10:34:52","slug":"grupiu-teorijos-fizikoje-seminarai","status":"publish","type":"page","link":"http:\/\/web.vu.lt\/ff\/a.gelzinis\/grupiu-teorijos-fizikoje-seminarai\/","title":{"rendered":"Grupi\u0173 teorijos fizikoje seminarai"},"content":{"rendered":"<p>Seminar\u0173 med\u017eiaga \u2013 knyga \u201eGroups, Representations and Physics\u201d, H. F. Jones.<\/p>\n<p>&nbsp;<\/p>\n<p>Kitas seminaras:<\/p>\n<p>2026 04 17 14.00 NFTMC B435 kab. Prane\u0161\u0117jas &#8211; Viktor, 4 skyrius.<\/p>\n<p>&nbsp;<\/p>\n<p>Seminar\u0173 istorija:<\/p>\n<ol>\n<li>2026 01 30 14.00 NFTMC B435 kab. Prane\u0161\u0117ja &#8211; Just\u0117, 1 skyrius.<\/li>\n<li>2026 02 06 14.00 NFTMC B435 kab. U\u017edaviniai i\u0161 1 skyriaus: Vytautas B. &#8211; 1.1, Simonas &#8211; 1.2, Thomas &#8211; 1.3, Jevgenij &#8211; 1.4, Vytautas D. &#8211; 1.5, Domantas &#8211; 1.6, Andrius &#8211; 1.7.<\/li>\n<li>2026 02 13 14.00 NFTMC B435 kab. Prane\u0161\u0117jas &#8211; Vytautas B., 2.1-2.2.<\/li>\n<li>2026 02 20 14.00 NFTMC B435 kab. Prane\u0161\u0117jas &#8211; Vytautas B., 2.2-2.4.<\/li>\n<li>2026 02 27 14.00 NFTMC B435 kab. U\u017edaviniai i\u0161 2 skyriaus: Ronny \u00a0&#8211; 2.1, Gabriel\u0117 &#8211; 2.2, Simonas &#8211; 2.3, Just\u0117 &#8211; 2.4, Andrius &#8211; 2.5.<\/li>\n<li>2026 03 06 14.00 NFTMC B435 kab. U\u017edaviniai i\u0161 2 skyriaus: Jevgenij &#8211; 2.6, Viktor &#8211; 2.7, Thomas 2.8, Ugnius &#8211; 2.9, Vytautas D. &#8211; 2.10, Rokas S. &#8211; 2.11, Just\u0117 &#8211; 2.12.<\/li>\n<li>2026 03 13 14.00 NFTMC B435 kab. Prane\u0161\u0117jas &#8211; Thomas, 3.1 &#8211; 3.3.<\/li>\n<li>2026 03 20 14.00 NFTMC B435 kab. Prane\u0161\u0117jas &#8211; Thomas, 3.3 &#8211; 3.5.<\/li>\n<li>2026 03 27 14.00 NFTMC B435 kab. U\u017edaviniai i\u0161 3 skyriaus: 3<span data-olk-copy-source=\"MessageBody\">.1 Andrius,\u00a0<\/span>3.2 Vytautas D.,\u00a03.3 Vytautas B., 3.4 Viktor,\u00a03.5 Simonas,\u00a03.6 Just\u0117.<\/li>\n<li>2026 04 10 14.00 NFTMC B435 kab. Prane\u0161\u0117jas &#8211; Viktor, s\u0105vokos ir apibr\u0117\u017eimai.<\/li>\n<\/ol>\n","protected":false},"excerpt":{"rendered":"<p>Seminar\u0173 med\u017eiaga \u2013 knyga \u201eGroups, Representations and Physics\u201d, H. F. Jones. &nbsp; Kitas seminaras: 2026 04 17 14.00 NFTMC B435 kab. Prane\u0161\u0117jas &#8211; Viktor, 4 skyrius. &nbsp; Seminar\u0173 istorija: 2026 01 30 14.00 NFTMC B435 kab. Prane\u0161\u0117ja &#8211; Just\u0117, 1 skyrius. 2026 02 06 14.00 NFTMC B435 kab. U\u017edaviniai i\u0161 1 skyriaus: Vytautas B. &#8211; [&hellip;]<\/p>\n","protected":false},"author":1,"featured_media":0,"parent":0,"menu_order":0,"comment_status":"closed","ping_status":"closed","template":"","meta":{"footnotes":""},"class_list":["post-745","page","type-page","status-publish","hentry"],"_links":{"self":[{"href":"http:\/\/web.vu.lt\/ff\/a.gelzinis\/wp-json\/wp\/v2\/pages\/745","targetHints":{"allow":["GET"]}}],"collection":[{"href":"http:\/\/web.vu.lt\/ff\/a.gelzinis\/wp-json\/wp\/v2\/pages"}],"about":[{"href":"http:\/\/web.vu.lt\/ff\/a.gelzinis\/wp-json\/wp\/v2\/types\/page"}],"author":[{"embeddable":true,"href":"http:\/\/web.vu.lt\/ff\/a.gelzinis\/wp-json\/wp\/v2\/users\/1"}],"replies":[{"embeddable":true,"href":"http:\/\/web.vu.lt\/ff\/a.gelzinis\/wp-json\/wp\/v2\/comments?post=745"}],"version-history":[{"count":19,"href":"http:\/\/web.vu.lt\/ff\/a.gelzinis\/wp-json\/wp\/v2\/pages\/745\/revisions"}],"predecessor-version":[{"id":792,"href":"http:\/\/web.vu.lt\/ff\/a.gelzinis\/wp-json\/wp\/v2\/pages\/745\/revisions\/792"}],"wp:attachment":[{"href":"http:\/\/web.vu.lt\/ff\/a.gelzinis\/wp-json\/wp\/v2\/media?parent=745"}],"curies":[{"name":"wp","href":"https:\/\/api.w.org\/{rel}","templated":true}]}}