{"id":61,"date":"2019-02-16T15:51:16","date_gmt":"2019-02-16T17:51:16","guid":{"rendered":"http:\/\/web.vu.lt\/ff\/a.gelzinis\/?page_id=61"},"modified":"2025-11-30T11:50:51","modified_gmt":"2025-11-30T13:50:51","slug":"studentams","status":"publish","type":"page","link":"http:\/\/web.vu.lt\/ff\/a.gelzinis\/studentams\/","title":{"rendered":"Studentams"},"content":{"rendered":"<p>Studentus, nesipykstan\u010dius su matfizu, mokan\u010dius (ar pasiruo\u0161usius i\u0161mokti) programuoti ir norintiems tapti fizikais teoretikais, kvie\u010diu prisijungti prie mokslin\u0117s veiklos teorin\u0117s chemin\u0117s fizikos srityje, vykdomos prof. L. Valk\u016bno grup\u0117je Chemin\u0117s fizikos institute. Konkre\u010dios temos priklausyt\u0173 nuo j\u016bs\u0173 situacijos (ar studijuojate bakalauro ar magistrant\u016bros studijose, kelintame kurse), \u017eini\u0173 ir polinki\u0173.<\/p>\n<p>Kuo ankstesniame kurse prisijungiate prie mokslinio darbo, tuo lengviau v\u0117liau b\u016bna su baigiamaisiais darbais.<\/p>\n<p>S\u0117kmingai \u012fsiliejus \u012f mokslin\u0119 veikl\u0105, galima prisid\u0117ti prie mokslini\u0173 publikacij\u0173. \u017demiau pamin\u0117ti moksliniai straipsniai para\u0161yti m\u016bs\u0173 grup\u0117s student\u0173 darb\u0173 pagrindu:<\/p>\n<ol reversed=\"\">\n<li>J. Vai\u010daityt\u0117, L. Valkunas, A. Gelzinis, <a href=\"https:\/\/doi.org\/10.1016\/j.physleta.2025.131053\">Coupled classical oscillators can exactly mimic dynamics of quantum dimer<\/a>, Phys. Lett. A. <strong>563<\/strong>, 131053, 2025.<\/li>\n<li>J. Vai\u010daityt\u0117, L. Valkunas, A. Gelzinis, <a href=\"https:\/\/www.lmaleidykla.lt\/ojs\/index.php\/physics\/article\/view\/5459\">Application of the frozen-modes approximation to classical harmonic oscillator systems<\/a>, Lith. J. Phys <strong>64<\/strong>, 162\u2013176, 2024.<\/li>\n<li>G. Rankelyt\u0117, A. Gelzinis, B. Robert, L. Valkunas, J. Chmeliov, <a href=\"https:\/\/doi.org\/10.3389\/fpls.2024.1412750\">Environment-dependent chlorophyll\u2013chlorophyll charge transfer states in Lhca4 pigment\u2013protein complex<\/a>, Front. Plant Sci. <strong>15<\/strong>, 1412750, 2024.<\/li>\n<li>S. Barysait\u0117, J. Chmeliov, L. Valkunas, A. Gelzinis, <a href=\"https:\/\/pubs.acs.org\/doi\/10.1021\/acs.jpcb.3c08254\">Concentration Quenching of Fluorescence Decay Kinetics of Molecular Systems<\/a>, J. Phys. Chem. B <strong>128<\/strong>, 20, 4887\u20134897, 2024.<\/li>\n<li>P. Juknevicius, J. Chmeliov, L. Valkunas, A. Gelzinis, <a href=\"https:\/\/aip.scitation.org\/doi\/10.1063\/5.0133711\">Application of artificial neural networks for modeling of electronic excitation dynamics in 2D lattice: Direct and inverse problems<\/a>, AIP Advances <strong>13<\/strong>, 035224, 2023.<\/li>\n<li>A. Mikal\u010di\u016bt\u0117, A. Gelzinis, M. Ma\u010dernis, C. B\u00fcchell, B. Robert, L. Valkunas, J. Chmeliov, <a href=\"https:\/\/aip.scitation.org\/doi\/10.1063\/5.0092154\">Structure-based model of fucoxanthin\u2013chlorophyll protein complex: Calculations of chlorophyll electronic couplings<\/a>, J. Chem. Phys. <strong>156<\/strong>, 234101, 2022.<\/li>\n<li>Y. Braver, L. Valkunas, A. Gelzinis, <a href=\"https:\/\/aip.scitation.org\/doi\/10.1063\/5.0073962\">Stark absorption and Stark fluorescence spectroscopies: Theory and simulations<\/a>, J. Chem. Phys. <strong>155<\/strong>, 244101, 2021.<\/li>\n<li>Y. Braver, L. Valkunas, A. Gelzinis, <a href=\"https:\/\/pubs.acs.org\/doi\/10.1021\/acs.jctc.1c00777\">Quantum\u2013Classical Approach for Calculations of Absorption and Fluorescence: Principles and Applications,<\/a> J. Chem. Theory Comput. <strong>17<\/strong>, 7157\u20137168, 2021.<\/li>\n<li>Y. Braver, L. Valkunas, A. Gelzinis, <a href=\"https:\/\/www.lmaleidykla.lt\/ojs\/index.php\/physics\/article\/view\/4440\">Derivation of the stationary fluorescence spectrum formula for molecular systems from the perspective of quantum electrodynamics<\/a>, Lith. J. Phys. <strong>61<\/strong>, 110\u201313, 2021<\/li>\n<li>Y.\u00a0Braver, L.\u00a0Valkunas, A.\u00a0Gelzinis, <a href=\"https:\/\/aip.scitation.org\/doi\/10.1063\/5.0006538\">Benchmarking the forward\u2013backward trajectory solution of the quantum-classical Liouville equation<\/a>, J. Chem. Phys. <strong>152<\/strong>, 214116, 2020.<\/li>\n<li>Y. Braver, A. Gelzinis, J. Chmeliov, L. Valkunas, <a href=\"https:\/\/www.sciencedirect.com\/science\/article\/abs\/pii\/S030101041930271X\">Application of decay- and evolution-associated spectra for molecular systems with spectral shifts or inherent inhomogeneities<\/a>, Chem. Phys. <strong>525<\/strong>, 110403, 2019.<\/li>\n<li>A. Gelzinis, Y. Braver, J. Chmeliov, L. Valkunas, <a href=\"https:\/\/www.lmaleidykla.lt\/ojs\/index.php\/physics\/article\/view\/3874\">Decay- and evolution-associated spectra of time-resolved fluorescence of LHCII aggregates<\/a>, Lith. J. Phys. <strong>58<\/strong>, 295-306, 2018.<\/li>\n<li>E. Rybakovas, A. Gelzinis, L. Valkunas, <a href=\"https:\/\/www.sciencedirect.com\/science\/article\/abs\/pii\/S0301010418304099\">Simulations of absorption and fluorescence lineshapes using the reaction coordinate method<\/a>, Chem. Phys. <strong>515<\/strong>, 242\u2013251, 2018.<\/li>\n<li>A. Gelzinis, E. Rybakovas, L. Valkunas, <a href=\"https:\/\/aip.scitation.org\/doi\/abs\/10.1063\/1.5009086\">Applicability of transfer tensor method for open quantum system dynamics<\/a>, J. Chem. Phys. <strong>147<\/strong>, 234108, 2017.<\/li>\n<\/ol>\n<p>&nbsp;<\/p>\n<p>Jeigu susidom\u0117jote, kreipkit\u0117s gyvai (NFTMC B423 kab.) ar ra\u0161ykite elektroniniu pa\u0161tu (andrius.gelzinis@ff.vu.lt).<\/p>\n<p>&nbsp;<\/p>\n<p>[Studentams, linkusiems prie eksperimento, rekomenduoju kreiptis \u012f FTMC <a href=\"https:\/\/www.ftmc.lt\/molekuliniu-dariniu-fizikos-skyrius\">Molekulini\u0173 darini\u0173 fizikos skyri\u0173<\/a>]<\/p>\n<p>&nbsp;<\/p>\n","protected":false},"excerpt":{"rendered":"<p>Studentus, nesipykstan\u010dius su matfizu, mokan\u010dius (ar pasiruo\u0161usius i\u0161mokti) programuoti ir norintiems tapti fizikais teoretikais, kvie\u010diu prisijungti prie mokslin\u0117s veiklos teorin\u0117s chemin\u0117s fizikos srityje, vykdomos prof. L. Valk\u016bno grup\u0117je Chemin\u0117s fizikos institute. Konkre\u010dios temos priklausyt\u0173 nuo j\u016bs\u0173 situacijos (ar studijuojate bakalauro ar magistrant\u016bros studijose, kelintame kurse), \u017eini\u0173 ir polinki\u0173. Kuo ankstesniame kurse prisijungiate prie mokslinio darbo, [&hellip;]<\/p>\n","protected":false},"author":1,"featured_media":0,"parent":0,"menu_order":0,"comment_status":"closed","ping_status":"closed","template":"","meta":{"footnotes":""},"class_list":["post-61","page","type-page","status-publish","hentry"],"_links":{"self":[{"href":"http:\/\/web.vu.lt\/ff\/a.gelzinis\/wp-json\/wp\/v2\/pages\/61","targetHints":{"allow":["GET"]}}],"collection":[{"href":"http:\/\/web.vu.lt\/ff\/a.gelzinis\/wp-json\/wp\/v2\/pages"}],"about":[{"href":"http:\/\/web.vu.lt\/ff\/a.gelzinis\/wp-json\/wp\/v2\/types\/page"}],"author":[{"embeddable":true,"href":"http:\/\/web.vu.lt\/ff\/a.gelzinis\/wp-json\/wp\/v2\/users\/1"}],"replies":[{"embeddable":true,"href":"http:\/\/web.vu.lt\/ff\/a.gelzinis\/wp-json\/wp\/v2\/comments?post=61"}],"version-history":[{"count":26,"href":"http:\/\/web.vu.lt\/ff\/a.gelzinis\/wp-json\/wp\/v2\/pages\/61\/revisions"}],"predecessor-version":[{"id":738,"href":"http:\/\/web.vu.lt\/ff\/a.gelzinis\/wp-json\/wp\/v2\/pages\/61\/revisions\/738"}],"wp:attachment":[{"href":"http:\/\/web.vu.lt\/ff\/a.gelzinis\/wp-json\/wp\/v2\/media?parent=61"}],"curies":[{"name":"wp","href":"https:\/\/api.w.org\/{rel}","templated":true}]}}