{"id":55,"date":"2019-02-09T14:09:21","date_gmt":"2019-02-09T16:09:21","guid":{"rendered":"http:\/\/web.vu.lt\/ff\/a.gelzinis\/?page_id=55"},"modified":"2025-02-12T12:08:03","modified_gmt":"2025-02-12T14:08:03","slug":"destymas","status":"publish","type":"page","link":"http:\/\/web.vu.lt\/ff\/a.gelzinis\/destymas\/","title":{"rendered":"D\u0117stymas"},"content":{"rendered":"<p><strong>2024\/2025 mokslo met\u0173 pavasario semestras:<\/strong><\/p>\n<p>Teorin\u0117s mechanikos paskaitos ir pratybos 2 kurso bakalaurams.<\/p>\n<p>Matematini\u0173 metod\u0173 taikymo fizikoje pratybos 2 kurso bakalaurams.<\/p>\n<p>&nbsp;<\/p>\n<p><strong>Archyvas:<\/strong><\/p>\n<p><strong>2023\/2024 mokslo met\u0173 pavasario semestras:<\/strong><\/p>\n<p>Teorin\u0117s mechanikos paskaitos ir pratybos 2 kurso bakalaurams.<\/p>\n<p>Matematini\u0173 metod\u0173 taikymo fizikoje pratybos 2 kurso bakalaurams.<\/p>\n<p><strong>2022\/2023 mokslo met\u0173 pavasario semestras:<\/strong><\/p>\n<p>Teorin\u0117s mechanikos paskaitos ir pratybos 2 kurso bakalaurams.<\/p>\n<p>Matematini\u0173 metod\u0173 taikymo fizikoje pratybos 2 kurso bakalaurams.<\/p>\n<p><strong>2022\/2023 mokslo met\u0173 rudens semestras:<\/strong><\/p>\n<p>Skaitinio optimizavimo pagrind\u0173 paskaitos ir pratybos 3 kurso bakalaurams i\u0161 Kompiuterin\u0117s fizikos ir modeliavimo grup\u0117s.<\/p>\n<p><strong>2021\/2022 mokslo met\u0173 pavasario semestras:<\/strong><\/p>\n<p>Teorin\u0117s mechanikos paskaitos (Fizikos, Taikomosios fizikos, Kompiuterin\u0117s fizikos ir modeliavimo) ir pratybos (Taikomosios fizikos grup\u0117s) 2 kurso bakalaurams.<\/p>\n<p><strong>2021\/2022 mokslo met\u0173 rudens semestras:<\/strong><\/p>\n<p>Skaitinio optimizavimo pagrind\u0173 paskaitos ir pratybos 3 kurso bakalaurams i\u0161 Kompiuterin\u0117s fizikos ir modeliavimo grup\u0117s.<\/p>\n<p><strong>2020\/2021 mokslo met\u0173 pavasario semestras:<\/strong><\/p>\n<p>Teorin\u0117s mechanikos paskaitos (Fizikos, Taikomosios fizikos, Kompiuterin\u0117s fizikos ir modeliavimo) ir pratybos (Taikomosios fizikos grup\u0117s) 2 kurso bakalaurams.<\/p>\n<p>Matematini\u0173 metod\u0173 taikymo fizikoje pratybos 2 kurso bakalaurams.<\/p>\n<p><strong>2020\/2021 mokslo met\u0173 rudens semestras:<\/strong><\/p>\n<p>Fizikin\u0117s kinetikos paskaitos ir pratybos 1 kurso magistrantams i\u0161 Gyvyb\u0117s ir chemin\u0117s fizikos bei Teorin\u0117s fizikos ir astrofizikos grupi\u0173.<\/p>\n<p>Skaitinio optimizavimo pagrind\u0173 paskaitos ir pratybos 3 kurso bakalaurams i\u0161 Kompiuterin\u0117s fizikos ir modeliavimo grup\u0117s.<\/p>\n<p><strong>2019\/2020 mokslo met\u0173 pavasario semestras:<\/strong><\/p>\n<p>Teorin\u0117s mechanikos paskaitos (Fizikos, Taikomosios fizikos, Kompiuterin\u0117s fizikos ir modeliavimo) ir pratybos (Fizikos, Taikomosios fizikos grupi\u0173) 2 kurso bakalaurams.<\/p>\n<p>Matematini\u0173 metod\u0173 taikymo fizikoje pratybos 2 kurso bakalaurams.<\/p>\n<p><strong>2019\/2020 mokslo met\u0173 rudens semestras:<\/strong><\/p>\n<p>Fizikin\u0117s kinetikos paskaitos ir pratybos 1 kurso magistrantams i\u0161 Gyvyb\u0117s ir chemin\u0117s fizikos bei Teorin\u0117s fizikos ir astrofizikos grupi\u0173.<\/p>\n<p><strong>2018\/2019 mokslo met\u0173 pavasario semestras:<\/strong><\/p>\n<p>Teorin\u0117s mechanikos paskaitos (Fizikos, Taikomosios fizikos, Kompiuterin\u0117s fizikos ir modeliavimo, Moderni\u0173j\u0173 technologijos ir vadybos grupi\u0173) ir pratybos (Fizikos, Taikomosios fizikos grupi\u0173) 2 kurso bakalaurams.<\/p>\n<p>Matematini\u0173 metod\u0173 taikymo fizikoje pratybos 2 kurso bakalaurams i\u0161 Fizikos grup\u0117s.<\/p>\n<p>Kompiuterizuot\u0173j\u0173 optimizavimo metod\u0173 pratybos 1 kurso magistrantams i\u0161 Teorin\u0117s fizikos ir astrofizikos grup\u0117s.<\/p>\n<p>&nbsp;<\/p>\n<p><strong>2018\/2019 mokslo met\u0173 rudens semestras:<\/strong><\/p>\n<p>Fizikin\u0117s kinetikos paskaitos ir pratybos 1 kurso magistrantams i\u0161 Aplinkos ir chemin\u0117s fizikos bei Teorin\u0117s fizikos ir astrofizikos grupi\u0173.<\/p>\n<p>&nbsp;<\/p>\n<p>Kita:<\/p>\n<p>Matematikos paskaitos <a href=\"http:\/\/www.olimpas.lt\">Fizikos Olimpo<\/a> moksleiviams sesij\u0173 metu.<\/p>\n","protected":false},"excerpt":{"rendered":"<p>2024\/2025 mokslo met\u0173 pavasario semestras: Teorin\u0117s mechanikos paskaitos ir pratybos 2 kurso bakalaurams. Matematini\u0173 metod\u0173 taikymo fizikoje pratybos 2 kurso bakalaurams. &nbsp; Archyvas: 2023\/2024 mokslo met\u0173 pavasario semestras: Teorin\u0117s mechanikos paskaitos ir pratybos 2 kurso bakalaurams. Matematini\u0173 metod\u0173 taikymo fizikoje pratybos 2 kurso bakalaurams. 2022\/2023 mokslo met\u0173 pavasario semestras: Teorin\u0117s mechanikos paskaitos ir pratybos 2 [&hellip;]<\/p>\n","protected":false},"author":1,"featured_media":0,"parent":0,"menu_order":0,"comment_status":"closed","ping_status":"closed","template":"","meta":{"footnotes":""},"class_list":["post-55","page","type-page","status-publish","hentry"],"_links":{"self":[{"href":"http:\/\/web.vu.lt\/ff\/a.gelzinis\/wp-json\/wp\/v2\/pages\/55","targetHints":{"allow":["GET"]}}],"collection":[{"href":"http:\/\/web.vu.lt\/ff\/a.gelzinis\/wp-json\/wp\/v2\/pages"}],"about":[{"href":"http:\/\/web.vu.lt\/ff\/a.gelzinis\/wp-json\/wp\/v2\/types\/page"}],"author":[{"embeddable":true,"href":"http:\/\/web.vu.lt\/ff\/a.gelzinis\/wp-json\/wp\/v2\/users\/1"}],"replies":[{"embeddable":true,"href":"http:\/\/web.vu.lt\/ff\/a.gelzinis\/wp-json\/wp\/v2\/comments?post=55"}],"version-history":[{"count":17,"href":"http:\/\/web.vu.lt\/ff\/a.gelzinis\/wp-json\/wp\/v2\/pages\/55\/revisions"}],"predecessor-version":[{"id":617,"href":"http:\/\/web.vu.lt\/ff\/a.gelzinis\/wp-json\/wp\/v2\/pages\/55\/revisions\/617"}],"wp:attachment":[{"href":"http:\/\/web.vu.lt\/ff\/a.gelzinis\/wp-json\/wp\/v2\/media?parent=55"}],"curies":[{"name":"wp","href":"https:\/\/api.w.org\/{rel}","templated":true}]}}