{"id":5,"date":"2019-01-02T16:26:22","date_gmt":"2019-01-02T18:26:22","guid":{"rendered":"http:\/\/web.vu.lt\/ff\/a.gelzinis\/?page_id=5"},"modified":"2019-11-17T14:47:20","modified_gmt":"2019-11-17T16:47:20","slug":"apie","status":"publish","type":"page","link":"http:\/\/web.vu.lt\/ff\/a.gelzinis\/","title":{"rendered":"Apie"},"content":{"rendered":"\r\n<p>Dr. Andrius Gel\u017einis<\/p>\r\n\r\n\r\n\r\n<p>Vilniaus Universiteto Fizikos fakulteto <a href=\"https:\/\/www.ff.vu.lt\/chfi\/\">Chemin\u0117s fizikos instituto<\/a> docentas.<\/p>\r\n<p><a href=\"http:\/\/web.vu.lt\/ff\/l.valkunas\/\">Prof. L. Valk\u016bno<\/a> mokslin\u0117s grup\u0117s narys.<\/p>\r\n\r\n\r\n\r\n<p>NFTMC B423 kab.<\/p>\r\n\r\n\r\n\r\n<p>Tel. nr.: 8 5 223 4660.<\/p>\r\n\r\n\r\n\r\n<p>andrius.gelzinis@ff.vu.lt<\/p>\r\n\r\n\r\n\r\n<p>Fizini\u0173 ir technologijos moksl\u0173 centro <a href=\"https:\/\/www.ftmc.lt\/molekuliniu-dariniu-fizikos-skyrius\">Molekulini\u0173 darini\u0173 fizikos skyriaus<\/a>\u00a0vyresnysis mokslo darbuotojas.<\/p>\r\n","protected":false},"excerpt":{"rendered":"<p>Dr. Andrius Gel\u017einis Vilniaus Universiteto Fizikos fakulteto Chemin\u0117s fizikos instituto docentas. Prof. L. Valk\u016bno mokslin\u0117s grup\u0117s narys. NFTMC B423 kab. Tel. nr.: 8 5 223 4660. andrius.gelzinis@ff.vu.lt Fizini\u0173 ir technologijos moksl\u0173 centro Molekulini\u0173 darini\u0173 fizikos skyriaus\u00a0vyresnysis mokslo darbuotojas.<\/p>\n","protected":false},"author":1,"featured_media":0,"parent":0,"menu_order":0,"comment_status":"closed","ping_status":"closed","template":"","meta":{"footnotes":""},"class_list":["post-5","page","type-page","status-publish","hentry"],"_links":{"self":[{"href":"http:\/\/web.vu.lt\/ff\/a.gelzinis\/wp-json\/wp\/v2\/pages\/5","targetHints":{"allow":["GET"]}}],"collection":[{"href":"http:\/\/web.vu.lt\/ff\/a.gelzinis\/wp-json\/wp\/v2\/pages"}],"about":[{"href":"http:\/\/web.vu.lt\/ff\/a.gelzinis\/wp-json\/wp\/v2\/types\/page"}],"author":[{"embeddable":true,"href":"http:\/\/web.vu.lt\/ff\/a.gelzinis\/wp-json\/wp\/v2\/users\/1"}],"replies":[{"embeddable":true,"href":"http:\/\/web.vu.lt\/ff\/a.gelzinis\/wp-json\/wp\/v2\/comments?post=5"}],"version-history":[{"count":6,"href":"http:\/\/web.vu.lt\/ff\/a.gelzinis\/wp-json\/wp\/v2\/pages\/5\/revisions"}],"predecessor-version":[{"id":149,"href":"http:\/\/web.vu.lt\/ff\/a.gelzinis\/wp-json\/wp\/v2\/pages\/5\/revisions\/149"}],"wp:attachment":[{"href":"http:\/\/web.vu.lt\/ff\/a.gelzinis\/wp-json\/wp\/v2\/media?parent=5"}],"curies":[{"name":"wp","href":"https:\/\/api.w.org\/{rel}","templated":true}]}}