{"id":45,"date":"2019-02-08T15:42:24","date_gmt":"2019-02-08T17:42:24","guid":{"rendered":"http:\/\/web.vu.lt\/ff\/a.gelzinis\/?page_id=45"},"modified":"2020-03-15T15:54:36","modified_gmt":"2020-03-15T17:54:36","slug":"seminarai","status":"publish","type":"page","link":"http:\/\/web.vu.lt\/ff\/a.gelzinis\/seminarai\/","title":{"rendered":"Fizikin\u0117s kinetikos seminarai"},"content":{"rendered":"<p>Seminar\u0173 knyga &#8211; Kinetic Theory and Transport Phenomena, Rodrigo Soto.<\/p>\n<p>Autoriaus puslapis apie knyg\u0105:<\/p>\n<p><a href=\"http:\/\/www.dfi.uchile.cl\/~rsoto\/KT\/\">http:\/\/www.dfi.uchile.cl\/~rsoto\/KT\/<\/a><\/p>\n<p>3 skyriaus ap\u017evalga (Thomas) pasiekiama <a href=\"http:\/\/www.chfi.ff.vu.lt\/wp-content\/uploads\/2017\/11\/ch_3_review.pdf\">\u010dia<\/a>.<\/p>\n<p>1-4 skyri\u0173 ap\u017evalga (Jevgenij) pasiekiama\u00a0<a href=\"http:\/\/web.vu.lt\/ff\/a.gelzinis\/wp-content\/uploads\/2019\/11\/Soto-Revision_1-4.pdf\">\u010dia<\/a>.<\/p>\n<p>&nbsp;<\/p>\n<p>Kitas seminaras:<\/p>\n<p>Seminarai sustabdyti iki atskiro prane\u0161imo.<\/p>\n<p>&nbsp;<\/p>\n<p>Lik\u0119 u\u017edaviniai:<\/p>\n<p>Andrius &#8211; 10<br \/>\nSimonas &#8211; 15<br \/>\nAugustinas &#8211; 17<br \/>\nGiedrius &#8211; 14<br \/>\nVytautas B. 13<\/p>\n<p>&nbsp;<\/p>\n<p>Daugiau informacijos teiraukit\u0117s andrius.gelzinis@ff.vu.lt<\/p>\n<p>&nbsp;<\/p>\n<p>Buvusi seminar\u0173 knyga &#8211; Kinetic Theory: Classical, Quantum, and Relativistic Descriptions, Richard L. Liboff.<\/p>\n<p>Pasteb\u0117tos Liboff knygos klaidos sura\u0161ytos\u00a0<a href=\"http:\/\/www.chfi.ff.vu.lt\/wp-content\/uploads\/2017\/11\/errata.pdf\">\u010dia<\/a>.<\/p>\n<p>&nbsp;<\/p>\n<p>Buv\u0119 seminarai:<\/p>\n<p>78.\u00a02020 03 12 13.00 A435 kab. (NFTMC). U\u017edaviniai: 6.4 (Augustinas), 6.12 (Jevgenij), 6.16 (Andrius).<\/p>\n<p>77.\u00a02020 03 05 13.00 A435 kab. (NFTMC). U\u017edaviniai: 6.8, 6.18 (Thomas, solutions are here for <a href=\"http:\/\/web.vu.lt\/ff\/a.gelzinis\/wp-content\/uploads\/2020\/03\/KTE_6_8.pdf\">6.8<\/a> and <a href=\"http:\/\/web.vu.lt\/ff\/a.gelzinis\/wp-content\/uploads\/2020\/03\/KTE_6_18.pdf\">6.18<\/a>).<\/p>\n<p>76.\u00a02020 02 27 13.00 A435 kab. (NFTMC). U\u017edaviniai: 6.9 (Jevgenij).<\/p>\n<p>75.\u00a02020 02 20 13.00 A435 kab. (NFTMC). U\u017edaviniai: 6.2 (Andrius), 6.6 (Jevgenij), 6.19 (Vytautas B.).<\/p>\n<p>74.\u00a02020 02 13 13.00 A435 kab. (NFTMC). U\u017edaviniai: 6.1, 6.5 (Giedrius), 6.3, 6.11 (Simonas), 6.7 (Andrius).<\/p>\n<p>73.\u00a02020 02 03 14.00 A435 kab. (NFTMC). Vytautas B., 6.6-6.7.<\/p>\n<p>72.\u00a02020 01 28 15.00 A435 kab. (NFTMC). Vytautas B., 6.3.3-6.5.<\/p>\n<p>71.\u00a02020 01 21 15.00 A435 kab. (NFTMC). Vytautas B., 6.2.3-6.3.2.<\/p>\n<p>70. 2020 01 14 15.00 A435 kab. (NFTMC). Vytautas B., 6.1-6.2.2.<\/p>\n<p>69.\u00a02019 12 09 15.00 A435 kab. (NFTMC). U\u017edaviniai: 5.7 (Andrius), 5.10 (Jevgenij), 5.11 (Simonas).<\/p>\n<p>68.\u00a02019 12 02 15.00 A435 kab. (NFTMC). U\u017edaviniai: 5.12 (Vytautas B.).<\/p>\n<p>67. 2019 11 25 15.00 A435 kab. (NFTMC). U\u017edaviniai: 5.4 (Simonas), 5.6 (Augustinas).<\/p>\n<p>66. 2019 11 18 15.00 A435 kab. (NFTMC). U\u017edaviniai: 5.13 (Andrius).<\/p>\n<p>65. 2019 11 11 15.00 A435 kab. (NFTMC). U\u017edaviniai: 5.1 (Vytautas B.), 5.5 (Jevgenij), 5.8 (Thomas, sprendimas\u00a0<a href=\"http:\/\/web.vu.lt\/ff\/a.gelzinis\/wp-content\/uploads\/2019\/11\/KTE_5_8.pdf\">\u010dia<\/a>), 5.14 (Giedrius).<\/p>\n<p>64.\u00a02019 11 04 15.00 A435 kab. (NFTMC). Andrius, 5.7-5.9.<\/p>\n<p>63.\u00a02019 10 28 15.00 A435 kab. (NFTMC). Andrius, 5.5-5.6.<\/p>\n<p>62.\u00a02019 10 21 15.00 A435 kab. (NFTMC). Andrius, 5.3-5.4.<\/p>\n<p>61.\u00a02019 10 14 15.00 A435 kab. (NFTMC). Andrius, 5.1-5.2.<\/p>\n<p>60.\u00a02019 09 30 15.00 A435 kab. (NFTMC). Jevgenij, 4 knygos skyriaus ap\u017evalga.<\/p>\n<p>59.\u00a02019 09 23 15.00 A435 kab. (NFTMC). Jevgenij, 3 knygos skyriaus ap\u017evalga.<\/p>\n<p>58. 2019 09 16\u00a015.00 A435 kab. (NFTMC). Jevgenij, 1-2 Soto knygos skyri\u0173 ap\u017evalga.<\/p>\n<p>57.\u00a02019 06 17 15.30 B435 kab. (NFTMC). U\u017edaviniai:\u00a03.7 (Andrius, kartojimas), 3.8 (Jevgenij, kartojimas).<\/p>\n<p>56.\u00a02019 06 10 15.30 B435 kab. (NFTMC). U\u017edaviniai:\u00a03.7 (Thomas, dar diskusijos), 3.10 (Andrius, kartojimas).<\/p>\n<p>55.\u00a02019 06 03 15.30 B435 kab. (NFTMC). U\u017edaviniai:\u00a03.11 (Andrius, kartojimas).<\/p>\n<p>54.\u00a02019 05 27 15.30 B435 kab. (NFTMC). U\u017edaviniai: 4.2 (Giedrius), 4.12 (Jevgenij), 3.7 (Thomas, diskusija).<\/p>\n<p>53.\u00a02019 05 20 15.30 B435 kab. (NFTMC). U\u017edaviniai: 4.10 (Andrius ), 4.16 (Thomas, sprendimas\u00a0<a href=\"http:\/\/www.chfi.ff.vu.lt\/wp-content\/uploads\/2017\/11\/KTE_4_16.pdf\">\u010dia<\/a>), 4.18 (Svaj\u016bnas).<\/p>\n<p>52.\u00a02019 05 13 15.30 B435 kab. (NFTMC). U\u017edaviniai: 4.7 (Augustinas ), 4.14 (Vytautas D.).<\/p>\n<p>51. 2019 05 06 15.30 B435 kab. (NFTMC). U\u017edaviniai: 4.6 (Svaj\u016bnas), 4.15 (Andrius), 4.17 (Jevgenij).<\/p>\n<p>50. 2019 04 29 15.30 B435 kab. (NFTMC). U\u017edaviniai: 4.3 (Vytautas D.), 4.4 (Jevgenij), 4.9 (Vytautas B.), 4.13 (Giedrius).<\/p>\n<p>49.\u00a02019 04 15 15.30 B435 kab.\u00a0 (NFTMC). U\u017edaviniai: 4.8 (Andrius), 4.11 (Thomas, sprendimas <a href=\"http:\/\/www.chfi.ff.vu.lt\/wp-content\/uploads\/2017\/11\/KTE_4_11.pdf\">\u010dia<\/a>), 4.19 (Vytautas B.).<\/p>\n<p>48.\u00a02019 04 08 15.30 B435 kab.\u00a0 (NFTMC). Jevgenij 4.9-4.10. U\u017edaviniai: 4.1 (Augustinas), 4.5 (Thomas, sprendimas <a href=\"http:\/\/www.chfi.ff.vu.lt\/wp-content\/uploads\/2017\/11\/KTE_4_5.pdf\">\u010dia<\/a>.).<\/p>\n<p>47.\u00a02019 04 01 15.30 B435 kab.\u00a0 (NFTMC). Jevgenij 4.8.<\/p>\n<p>46. 2019 03 25 15.30 B435 kab.\u00a0 (NFTMC). Vytautas D., 4.6 &#8211; 4.7<\/p>\n<p>45.\u00a02019 03 18 15.30 B435 kab.\u00a0 (NFTMC).\u00a0Vytautas D.,\u00a04.3.3-4.5.<\/p>\n<p>44.\u00a02019 03 04 15.30 B435 kab.\u00a0 (NFTMC).\u00a0Vytautas D.,\u00a04.1-4.3.2.<\/p>\n<p>43. 2019 02 25 15.30 B435 kab. (NFTMC). U\u017edaviniai: 3.7 (Vytautas D.), 3.10 (Augustinas), 3.14 (Giedrius).<\/p>\n<p>42.\u00a02019 02 11 15.30 B435 kab. (NFTMC). U\u017edaviniai: 3.8 (Vytautas D.).<\/p>\n<p>41.\u00a02019 02 04 15.30 B435 kab. (NFTMC). U\u017edaviniai: 3.2 (Vytautas D.), 3.12 (dalinai, Thomas).<\/p>\n<p>40.\u00a02019 01 31 14.00 B435 kab. (NFTMC). U\u017edaviniai: 3.1 (Augustinas), 3.11 (Jevgenij), 3.13 (Andrius).<\/p>\n<p>39.\u00a02019 01 24 15.30 B435 kab. (NFTMC). U\u017edaviniai: 3.5 (Andrius), 3.6 (Jevgenij), 3.9 (Vytautas B.).<\/p>\n<p>38. 2019 01 17 14.00 B435 kab. (NFTMC). Thomas, 3.9-3.10.<\/p>\n<p>37.\u00a02018 12 20 15.30 214 kab. (FF). Thomas, 3.7-3.8<\/p>\n<p>36. 2018 12 06\u00a015.30 214 kab. (FF). Thomas, 3.1-3.6.<\/p>\n<p>35.\u00a02018 11 29 15.30 214 kab. (FF).\u00a0U\u017edaviniai: 2.12 (Vytautas B.), 2.13 (Jevgenij), 2.14 (Thomas, sprendimas\u00a0<a href=\"http:\/\/www.chfi.ff.vu.lt\/wp-content\/uploads\/2017\/11\/KTE_2_14.pdf\">\u010dia<\/a>)<\/p>\n<p>34.\u00a02018 11 22 15.30 214 kab. (FF). U\u017edaviniai: 2.1 (Svaj\u016bnas), 2.3 (Andrius), 2.6 (Augustinas), 2.11 (Vytautas D.), 2.15 (Andrius).<\/p>\n<p>33.\u00a02018 11 15 15.30 214 kab. (FF). U\u017edaviniai: 2.2 (Augustinas), 2.4, 2.5 (Andrius), 2.7 (Jevgenij), 2.8 (Vytautas B.).<\/p>\n<p>32.\u00a02018 11 08 15.30 214 kab. (FF). Giedrius, 2.6.2-2.11.<\/p>\n<p>31.\u00a02018 10 25 15.30 214 kab. (FF). Giedrius, 2.6.2-2.7.<\/p>\n<p>30.\u00a02018 10 18 15.30 214 kab. (FF). Vytautas B., Soto knygos, 2.1-2.6.1.<\/p>\n<p>29.\u00a02018 10 11 15.30 214 kab. (FF). U\u017edaviniai: 1.4 (Svaj\u016bnas), 1.5 (Lukas), 1.8 (Jevgenij), 1.11 (Andrius), 1.12 (Augustinas).<\/p>\n<p>28.\u00a02018 10 04 15.30 214 kab. (FF). U\u017edaviniai: 1.1 (Augustinas), 1.2, 1.9 (Vytautas D.), 1.6 (Vytautas B.), 1.7 (Jevgenij), 1.10 (Thomas).<\/p>\n<p>27.\u00a02018 09 27 15.30 214 kab. (FF). Andrius,\u00a0Soto knygos 1.4-1.7 skyreliai.<\/p>\n<p>26.\u00a02018 09 20 15.30 214 kab. (FF). Andrius,\u00a0Soto knygos 1.1-1.3 skyreliai. U\u017era\u0161ai pasiekiami\u00a0<a href=\"http:\/\/www.chfi.ff.vu.lt\/wp-content\/uploads\/2017\/11\/FK_seminaras_20180920.pdf\">\u010dia.<\/a><\/p>\n<p>25.\u00a02018 06 13 15.00 215 kab. (FF). Andrius,\u00a0Liboff knygos 2.5-2.6.<\/p>\n<p>24.\u00a02018 06 08 15.00 215 kab. (FF). Jevgenij, Liboff knygos 2.4.<\/p>\n<p>23.\u00a02018 05 31 14.30 215 kab. (FF). Jevgenij, Liboff knygos 2 skyriaus kartojimas.<\/p>\n<p>22.\u00a02018 05 28 15.30 215 kab. (FF). Jevgenij, Liboff knygos 2 skyriaus kartojimas.<\/p>\n<p>21.\u00a02018 05 14 15.30 215 kab. (FF). Augustinas, Liboff knygos 2.3 t\u0119sinys.<\/p>\n<p>20.\u00a02018 05 07 15.30 215 kab. (FF). Augustinas, Liboff knygos 2.3 t\u0119sinys.<\/p>\n<p>19.\u00a02018 04 30 15.30 215 kab. (FF). Augustinas, Liboff knygos 2.3 t\u0119sinys.<\/p>\n<p>18.\u00a02018 04 23 15.30 215 kab. (FF). Augustinas, Liboff knygos 2.3<\/p>\n<p>17.\u00a02018 04 16 15.30 215 kab. (FF). Vytautas D., Liboff knygos 2.2.<\/p>\n<p>16.\u00a02018 04 09 15.30 215 kab. (FF). Vytautas D., Liboff knygos 2.1.<\/p>\n<p>15.\u00a02018 03 27 14.00 215 kab. (FF). U\u017edaviniai: 1.10, 1.14, 1.26, 1.28 (Andrius, sprendimai <a href=\"http:\/\/www.chfi.ff.vu.lt\/wp-content\/uploads\/2017\/11\/Ex_1.10_1.14_1.26_1.28.pdf\">\u010dia<\/a>), 1.40(Augustinas), 1.44 (Andrius), 1.45 (Vytautas B.), 1.46 (Vytautas D.), 1.48 (Thomas, sprendimas <a href=\"http:\/\/www.chfi.ff.vu.lt\/wp-content\/uploads\/2017\/11\/KTE_1_48.pdf\">\u010dia<\/a>).<\/p>\n<p>14.\u00a02018 03 19, 16.00 215 kab. (FF). U\u017edaviniai: 1.32 (Jevgenij), 1.36 (Jevgenij), 1.47 (Jevgenij), 1.43 (Jevgenij), 1.38 (Giedrius), 1.41 (Andrius, sprendimas <a href=\"http:\/\/www.chfi.ff.vu.lt\/wp-content\/uploads\/2017\/11\/Exercise_1.41.pdf\">\u010dia<\/a>).<\/p>\n<p>13.\u00a02018 03 12, 15.30 215 kab. (FF). U\u017edaviniai: 1.18 (Lukas), 1.39 (Andrius), 1.42 (Thomas).<\/p>\n<p>12.\u00a02018 03 05 15.30 215 kab. (FF). U\u017edaviniai: 1.7 (Lukas), 1.13 (Lukas), 1.22 (Giedrius), 1.23 (Giedrius), 1.29 (Vytautas D.), 1.33 (Vytautas D.), 1.49 (Vytautas D.).<\/p>\n<p>11.\u00a02018 02 26, 15.30 215 kab. (FF). U\u017edaviniai: 1.24 (Thomas, sprendimas <a href=\"http:\/\/www.chfi.ff.vu.lt\/wp-content\/uploads\/2017\/11\/KTE_1_24.pdf\">\u010dia<\/a>), 1.25 (Thomas), 1.27 (Andrius, sprendimas <a href=\"http:\/\/www.chfi.ff.vu.lt\/wp-content\/uploads\/2017\/11\/Exercise_1.27.pdf\">\u010dia<\/a>), 1.30 (Vytautas B.), 1.31 (Andrius, sprendimas <a href=\"http:\/\/www.chfi.ff.vu.lt\/wp-content\/uploads\/2017\/11\/Exercise_1.31.pdf\">\u010dia<\/a>), 1.34 (Svaj\u016bnas), 1.37 (Andrius, sprendimas <a href=\"http:\/\/www.chfi.ff.vu.lt\/wp-content\/uploads\/2017\/11\/Exercise_1.37.pdf\">\u010dia<\/a>).<\/p>\n<p>10.\u00a02018 02 19, 15.30 215 kab. (FF). U\u017edaviniai: 1.6 (Svaj\u016bnas), 1.8 (Vytautas B.), 1.11 (Svaj\u016bnas), 1.12 (Jevgenij), 1.15 (Jevgenij), 1.16 (Jevgenij), 1.19 (Vytautas B.), 1.20 (Thomas, sprendimas <a href=\"http:\/\/www.chfi.ff.vu.lt\/wp-content\/uploads\/2017\/11\/KTE_1_20.pdf\">\u010dia<\/a>), 1.21 (Vytautas D.\/Augustinas).<\/p>\n<p>9. 2018 02 12, 16.00 212 kab. (FF). U\u017edaviniai:\u00a01.1 (Augustinas), 1.3 (Giedrius), 1.4 (Augustinas), 1.5 (Thomas, sprendimas <a href=\"http:\/\/www.chfi.ff.vu.lt\/wp-content\/uploads\/2017\/11\/KTE_1_5.pdf\">\u010dia<\/a>), 1.9 (Vytautas D.).<\/p>\n<p>8.\u00a02018 02 06, 15.00 212 kab. (FF). Jevgenij, Liboff knygos 1.8.<\/p>\n<p>7.\u00a02018 01 30, 14.00 212 kab. (FF). Jevgenij, Liboff knygos 1.8.<\/p>\n<p>6.\u00a02018 01 23, 14.00 212 kab. (FF). Jevgenij, Liboff knygos 1.7.<\/p>\n<p>5. 2018 01 17, 11.00 212 kab. (FF). Jevgenij, Liboff knygos 1.6.<\/p>\n<p>4. 2017 12 18, 15.00 213 kab. (FF). Andrius, Liboff knygos 1.5 skyrelis. U\u017era\u0161ai pasiekiami\u00a0<a href=\"http:\/\/www.chfi.ff.vu.lt\/wp-content\/uploads\/2017\/11\/FK_seminaras_20171218.pdf\">\u010dia<\/a>.<\/p>\n<p>3. 2017 12 11, 15.00 213 kab. (FF). Andrius, Liboff knygos 1.4 skyrelis. U\u017era\u0161ai pasiekiami\u00a0<a href=\"http:\/\/www.chfi.ff.vu.lt\/wp-content\/uploads\/2017\/11\/FK_seimaras_20171211.pdf\">\u010dia.<\/a><\/p>\n<p>2. 2017 12 04, 15.00 213 kab. (FF). Andrius, Liboff knygos 1.2-1.3 skyreliai. U\u017era\u0161ai pasiekiami\u00a0<a href=\"http:\/\/www.chfi.ff.vu.lt\/wp-content\/uploads\/2017\/11\/FK_seminaras_20171204.pdf\">\u010dia.<\/a><\/p>\n<p>1. 2017 11 27, 15.00 213 kab. (FF). Andrius, Liboff knygos 1.1 skyrelis. U\u017era\u0161ai pasiekiami <a href=\"http:\/\/www.chfi.ff.vu.lt\/wp-content\/uploads\/2017\/11\/FK_seminaras_20171127.pdf\">\u010dia.<\/a><\/p>\n<hr \/>\n<p>Anks\u010diau (2016 m. saus\u012f &#8211; 2017 m. lapkrit\u012f) organizavome bendrosios reliatyvumo teorijos seminarus. D\u0117l Teorin\u0117s fizikos katedros internetinio puslapio panaikinimo dalin\u0117 informacija pasiekiama tik interneto <a href=\"https:\/\/web.archive.org\/web\/20170927083640\/http:\/\/www.tfk.ff.vu.lt\/seminarai\/english-gr-seminars\/\">archyvuose<\/a>.<\/p>\n","protected":false},"excerpt":{"rendered":"<p>Seminar\u0173 knyga &#8211; Kinetic Theory and Transport Phenomena, Rodrigo Soto. Autoriaus puslapis apie knyg\u0105: http:\/\/www.dfi.uchile.cl\/~rsoto\/KT\/ 3 skyriaus ap\u017evalga (Thomas) pasiekiama \u010dia. 1-4 skyri\u0173 ap\u017evalga (Jevgenij) pasiekiama\u00a0\u010dia. &nbsp; Kitas seminaras: Seminarai sustabdyti iki atskiro prane\u0161imo. &nbsp; Lik\u0119 u\u017edaviniai: Andrius &#8211; 10 Simonas &#8211; 15 Augustinas &#8211; 17 Giedrius &#8211; 14 Vytautas B. 13 &nbsp; Daugiau informacijos [&hellip;]<\/p>\n","protected":false},"author":1,"featured_media":0,"parent":0,"menu_order":0,"comment_status":"closed","ping_status":"closed","template":"","meta":{"footnotes":""},"class_list":["post-45","page","type-page","status-publish","hentry"],"_links":{"self":[{"href":"http:\/\/web.vu.lt\/ff\/a.gelzinis\/wp-json\/wp\/v2\/pages\/45","targetHints":{"allow":["GET"]}}],"collection":[{"href":"http:\/\/web.vu.lt\/ff\/a.gelzinis\/wp-json\/wp\/v2\/pages"}],"about":[{"href":"http:\/\/web.vu.lt\/ff\/a.gelzinis\/wp-json\/wp\/v2\/types\/page"}],"author":[{"embeddable":true,"href":"http:\/\/web.vu.lt\/ff\/a.gelzinis\/wp-json\/wp\/v2\/users\/1"}],"replies":[{"embeddable":true,"href":"http:\/\/web.vu.lt\/ff\/a.gelzinis\/wp-json\/wp\/v2\/comments?post=45"}],"version-history":[{"count":43,"href":"http:\/\/web.vu.lt\/ff\/a.gelzinis\/wp-json\/wp\/v2\/pages\/45\/revisions"}],"predecessor-version":[{"id":225,"href":"http:\/\/web.vu.lt\/ff\/a.gelzinis\/wp-json\/wp\/v2\/pages\/45\/revisions\/225"}],"wp:attachment":[{"href":"http:\/\/web.vu.lt\/ff\/a.gelzinis\/wp-json\/wp\/v2\/media?parent=45"}],"curies":[{"name":"wp","href":"https:\/\/api.w.org\/{rel}","templated":true}]}}