{"id":417,"date":"2023-09-17T08:59:50","date_gmt":"2023-09-17T10:59:50","guid":{"rendered":"http:\/\/web.vu.lt\/ff\/a.gelzinis\/?page_id=417"},"modified":"2025-11-30T11:52:40","modified_gmt":"2025-11-30T13:52:40","slug":"plasmos-fizikos-seminarai","status":"publish","type":"page","link":"http:\/\/web.vu.lt\/ff\/a.gelzinis\/plasmos-fizikos-seminarai\/","title":{"rendered":"Plasmos fizikos seminarai"},"content":{"rendered":"<p>Seminar\u0173 med\u017eiaga &#8211; knyga &#8222;Introduction to Plasma Physics: With Space, Laboratory and Astrophysical Applications&#8221;, Gurnett ir Bhattacharjee.<\/p>\n<p>&nbsp;<\/p>\n<p>Seminar\u0173 ciklas baigtas!<\/p>\n<p>&nbsp;<\/p>\n<p>Seminar\u0173 istorija:<\/p>\n<ol>\n<li>2023 09 29 9.00 NFTMC B435 kab. Prane\u0161\u0117ja &#8211; Gabriel\u0117, 1-2 skyriai.<\/li>\n<li>2023 10 06 9.00 NFTMC B435 kab. U\u017edaviniai i\u0161 2 skyriaus: 2.1 &#8211; Rokas, 2.2 &#8211; Justina,\u00a0 2.3 &#8211; Simonas, 2.4 &#8211; Gabriel\u0117,\u00a0 2.5 &#8211; Jevgenij, 2.6 &#8211; Andrius, 2.7 &#8211; Vytautas D., 2.8 &#8211; Vytautas B.<\/li>\n<li>2023 10 13 9.00 NFTMC B435 kab. Prane\u0161\u0117jas &#8211; Andrius, 3.1-3.2 skyreliai, u\u017era\u0161ai pasiekiami <a href=\"http:\/\/web.vu.lt\/ff\/a.gelzinis\/wp-content\/uploads\/2023\/10\/plasma3.1_3.2.pdf\">\u010dia<\/a>.<\/li>\n<li>2023 10 20 9.00 NFTMC B435 kab. Prane\u0161\u0117jas &#8211; Andrius, 3.3 skyrelis, u\u017era\u0161ai pasiekiami <a href=\"http:\/\/web.vu.lt\/ff\/a.gelzinis\/wp-content\/uploads\/2023\/10\/plasma3.3.pdf\">\u010dia<\/a>.<\/li>\n<li>2023 11 10 9.00 NFTMC B435 kab. Prane\u0161\u0117jas &#8211; Andrius, 3.4 skyrelis, u\u017era\u0161ai pasiekiami <a href=\"http:\/\/web.vu.lt\/ff\/a.gelzinis\/wp-content\/uploads\/2023\/11\/plasma3.4.pdf\">\u010dia.<\/a><\/li>\n<li>2023 11 17 9.00 NFTMC B435 kab. Prane\u0161\u0117jas &#8211; Andrius, 3.5-3.6 skyreliai, u\u017era\u0161ai pasiekiami <a href=\"http:\/\/web.vu.lt\/ff\/a.gelzinis\/wp-content\/uploads\/2023\/11\/plasma_3.5_3.6.pdf\">\u010dia.<\/a><\/li>\n<li>2023 12 01 9.00 NFTMC B435 kab. Prane\u0161\u0117jas &#8211; Vytautas D., 3.7-3.8.2.<\/li>\n<li>2023 12 08 9.00 NFTMC B435 kab. Prane\u0161\u0117jas &#8211; Vytautas D., 3.8.3-3.9.<\/li>\n<li>2023 12 15 9.00 NFTMC B435 kab. Prane\u0161\u0117jas &#8211; Rokas, 3.10.<\/li>\n<li>2024 01 11 13.00 NFTMC B435 kab. U\u017edaviniai i\u0161 3 skyriaus: 3.1 &#8211; Justina, 3.2 &#8211; Jevgenij, 3.4 &#8211; Simonas, 3.6 &#8211; Andrius, 3.10 &#8211; Vytautas D., 3.14 &#8211; Simonas.<\/li>\n<li>2024 01 16 15.00 NFTMC B435 kab. U\u017edaviniai i\u0161 3 skyriaus: 3.3 &#8211; Darius , 3.7 &#8211; Thomas , 3.9 &#8211; Rokas , 3.12 &#8211; Jevgenij.<\/li>\n<li>2024 01 26 14.00 NFTMC B435 kab. U\u017edaviniai i\u0161 3 skyriaus: 3.13 &#8211; Andrius, 3.15 &#8211; Vytautas D.<\/li>\n<li>2024 02 01 10.00 NFTMC B435 kab. U\u017edaviniai i\u0161 3 skyriaus: 3.5, 3.16 &#8211; Vytautas B., 3.11 &#8211; Karolina.<\/li>\n<li>2024 02 09 9.00 NFTMC B435 kab. Prane\u0161\u0117jas &#8211; Thomas, 4.1.<\/li>\n<li>2024 02 23 13.00 NFTMC B435 kab. Prane\u0161\u0117jas &#8211; Thomas, 4.2-4.3.<\/li>\n<li>2024 03 01 13.00 NFTMC B435 kab. Prane\u0161\u0117jas &#8211; Thomas, 4.4-4.4.1.<\/li>\n<li>2024 03 08 13.00 NFTMC B435 kab. Prane\u0161\u0117jas &#8211; Thomas, 4.4.1-4.4.3.<\/li>\n<li>2024 03 15 13.00 NFTMC B435 kab. Prane\u0161\u0117jas &#8211; Vytautas B., 4.4.4-4.5.<\/li>\n<li>2024 03 22 13.00 NFTMC B435 kab. U\u017edaviniai i\u0161 4 skyriaus: 4.1 &#8211; Karolina, 4.2 &#8211; Darius., 4.3 &#8211; Gabriel\u0117, 4.6, 4.15 &#8211; Rokas.<\/li>\n<li>2024 04 12 13.00 NFTMC B435 kab. U\u017edaviniai i\u0161 4 skyriaus: 4.4 &#8211; Domantas, 4.5, 4.17 &#8211; Vytautas B., 4.7, 4.10 &#8211; Andrius, 4.9 &#8211; Jevgenij, 4.11 &#8211; Simonas, 4.12 &#8211; Vytautas D.<\/li>\n<li>2024 04 19 13.00 NFTMC B435 kab. U\u017edaviniai i\u0161 4 skyriaus: 4.8 &#8211; Karolina, 4.13 &#8211; Darius, 4.14 &#8211; Gabriel\u0117, 4.16 &#8211; Domantas, 4.18 &#8211; Vytautas D., 4.19 &#8211; Simonas, 4.20 &#8211; Jevgenij.<\/li>\n<li>2024 04 26 13.00 NFTMC B435 kab. Prane\u0161\u0117jas Darius, 5.1 &#8211; 5.4.1.<\/li>\n<li>2024 05 03 13.00 NFTMC B435 kab. Prane\u0161\u0117jas Domantas, 5.4.2 &#8211; 5.4.4.<\/li>\n<li>2024 05 10 13.00 NFTMC B435 kab. Prane\u0161\u0117jas Simonas, 5.4.4 &#8211; 5.6.<\/li>\n<li>2024 05 17 13.00 NFTMC B435 kab. Prane\u0161\u0117jas Simonas, 5.7. U\u017edaviniai i\u0161 5 skyriaus: 5.1 &#8211; Thomas, 5.2 &#8211; Andrius, 5.3 &#8211; Vytautas D., 5.4 &#8211; Vytautas B., 5.10 &#8211; Simonas.<\/li>\n<li>2024 05 31 13.00 NFTMC B435 kab. U\u017edaviniai i\u0161 5 skyriaus: 5.5 &#8211; Andrius, 5.6 &#8211; Gabriel\u0117, 5.7 &#8211; Jevgenij, 5.8 &#8211; Domantas, 5.9 &#8211; Darius.<\/li>\n<li>2024 09 27 14.00 NFTMC B435 kab. Prane\u0161\u0117jas &#8211; Andrius, 1-3 skyri\u0173 ap\u017evalga. Skaidr\u0117s pasiekiamos <a href=\"http:\/\/web.vu.lt\/ff\/a.gelzinis\/wp-content\/uploads\/2024\/09\/plasma_review_I_2024.pdf\">\u010dia<\/a>.<\/li>\n<li>2024 10 04 14.00 NFTMC B435 kab. Prane\u0161\u0117jas &#8211; Andrius, 4 skyriaus ap\u017evalga. Skaidr\u0117s pasiekiamos <a href=\"http:\/\/web.vu.lt\/ff\/a.gelzinis\/wp-content\/uploads\/2024\/10\/plasma_review_II.pdf\">\u010dia<\/a>.<\/li>\n<li>2024 10 11. 14.00 NFTMC B435 kab. Prane\u0161\u0117jas &#8211; Andrius, 5 skyriaus ap\u017evalga.\u00a0Skaidr\u0117s pasiekiamos <a href=\"http:\/\/web.vu.lt\/ff\/a.gelzinis\/wp-content\/uploads\/2024\/10\/plasma_review_III_2024.pdf\">\u010dia<\/a>.<\/li>\n<li>2024 10 18. 14.00 NFTMC B435 kab. Prane\u0161\u0117jas &#8211; Vytautas D., 6.1 &#8211; 6.2.<\/li>\n<li>2024 10 25. 14.00 NFTMC B435 kab. Prane\u0161\u0117jas &#8211; Vytautas D., 6.3 &#8211; 6.4.<\/li>\n<li>2024 11 08. 14.00 NFTMC B435 kab. Prane\u0161\u0117jas &#8211; Simonas, 6.5 &#8211; 6.6. +\u00a0 Thomas &#8211; 6.2 u\u017ed.<\/li>\n<li>2024 11 15. 14.00 NFTMC B435 kab. U\u017edaviniai i\u0161 6 skyriaus: Vytautas B. &#8211; 6.1, Simonas &#8211; 6.3, Justina &#8211; 6.4, 6.6, Jevgenij &#8211; 6.5.<\/li>\n<li>2024 11 22. 14.00 NFTMC B435 kab. U\u017edaviniai i\u0161 6 skyriaus: Andrius &#8211; 6.7, 6.8,\u00a0 Vytautas D. &#8211; 6.9, Jevgenij &#8211; 6.10.<\/li>\n<li>2024 11 29. 14.00 NFTMC B435 kab. Prane\u0161\u0117jas &#8211; Simonas, 7.1. &#8211; 7.1.3.<\/li>\n<li>2024 12 06. 14.00 NFTMC B435 kab. Prane\u0161\u0117jas &#8211; Jevgenij, 7.1.4.<\/li>\n<li>2024 12 13. 14.00 NFTMC B435 kab. Prane\u0161\u0117jas &#8211; Jevgenij, 7.2 &#8211; 7.3.4.<\/li>\n<li>2024 12 20. 14.00 NFTMC B435 kab. Prane\u0161\u0117jas &#8211; Jevgenij, 7.3.5 &#8211; 7.3.7.<\/li>\n<li>2025 01 09. 14.00 NFTMC B435 kab. Prane\u0161\u0117jas &#8211; Domantas, 7.4-7.5<\/li>\n<li>2025 01 17. 14.00 NFTMC B435 kab.\u00a0 Prane\u0161\u0117jas &#8211; Andrius, 7.6.<\/li>\n<li>2025 01 24. 14.00 NFTMC B435 kab. U\u017edaviniai i\u0161 7 skyriaus: Justina &#8211; 7.1,\u00a0 Andrius &#8211; 7.2, Domantas &#8211; 7.3, Simonas &#8211; 7.4, Thomas &#8211; 7.5 (pus\u0117).<\/li>\n<li>2025 01 31. 14.00 NFTMC B435 kab. U\u017edaviniai i\u0161 7 skyriaus: Thomas &#8211; 7.5 (pabaigtas), Justina &#8211; 7.6, Vytautas B. &#8211; 7.7, 7.8, Jevgenij &#8211; 7.9 (pus\u0117).<\/li>\n<li>2025 02 07. 14.00 NFTMC B435 kab. U\u017edaviniai i\u0161 7 skyriaus: Jevgenij &#8211; 7.9 (pabaigtas), Andrius &#8211; 7.10, Thomas &#8211; 7.11.<\/li>\n<li>2025 02 14. 14.00 NFTMC B435 kab.\u00a0 Prane\u0161\u0117jas &#8211; Thomas, 8.1- 8.3.1.<\/li>\n<li>2025 02 21. 14.00 NFTMC B435 kab.\u00a0 Prane\u0161\u0117jas &#8211; Thomas, 8.3.2- 8.3.5.<\/li>\n<li>2025 02 28. 14.00 NFTMC B435 kab.\u00a0 Prane\u0161\u0117jas &#8211; Thomas, 8.3.6 &#8211; 8.4.<\/li>\n<li>2025 03 07. 14.00 NFTMC B435 kab.\u00a0 U\u017edaviniai i\u0161 8 skyriaus: Domantas &#8211; 8.4, Justina &#8211; 8.5, 8.6.<\/li>\n<li>2025 03 14 14.00 NFTMC B435 kab. Prane\u0161\u0117jas &#8211; Vytautas D., 9.1.<\/li>\n<li>2025 03 14 14.00 NFTMC B435 kab. Prane\u0161\u0117jas &#8211; Vytautas D., 9.2.1 &#8211; 9.2.4.<\/li>\n<li>2025 03 21 14.00 NFTMC B435 kab. Prane\u0161\u0117jas &#8211; Vytautas D., 9.2.5 &#8211; 9.4.<\/li>\n<li>2025 04 11 14.00 NFTMC B435 kab. Prane\u0161\u0117jas &#8211; Andrius, 9.5.<\/li>\n<li>2025 04 25. 14.00 NFTMC B435 kab. U\u017edaviniai i\u0161 9 skyriaus: Domantas &#8211; 9.1, Thomas &#8211; 9.2, Jevgenij &#8211; 9.3, Andrius &#8211; 9.4, Just\u0117 &#8211; 9.5, Vytautas D. &#8211; 9.7.<\/li>\n<li>2025 05 02. 14.00 NFTMC A435 kab. U\u017edaviniai i\u0161 9 skyriaus: Vytautas B. &#8211; 9.6, Simonas &#8211; 9.8, 9.10 , Vytautas D. &#8211; 9.9, Andrius &#8211; 9.11, Just\u0117 &#8211; 9.12, Thomas &#8211; 9.13.<\/li>\n<li>2025 05 09. 14.00 NFTMC B435 kab. U\u017edaviniai i\u0161 9 skyriaus: Domantas &#8211; 9.17, 9.18, Just\u0117 &#8211; 9.15.<\/li>\n<li>2025 05 16. 14.00 NFTMC B435 kab. U\u017edaviniai i\u0161 9 skyriaus: Vytautas B. &#8211; 9.14, Andrius &#8211; 9.16, Jevgenij &#8211; 9.19 prad\u017eia.<\/li>\n<li>2025 05 23. 14.00 NFTMC B435 kab. U\u017edaviniai i\u0161 9 skyriaus: Jevgenij &#8211; 9.19. Prane\u0161\u0117jas &#8211; Simonas, 10.1 &#8211; 10.2.1.<\/li>\n<li>2025 05 30. 14.00 NFTMC B435 kab. Prane\u0161\u0117jas &#8211; Simonas, 10.2.1 &#8211; 10.2.3.<\/li>\n<li>2025 06 06. 14.00 NFTMC B435 kab. Prane\u0161\u0117jas &#8211; Simonas, 10.2.4.<\/li>\n<li>2025 06 13. 14.00 NFTMC B435 kab. Prane\u0161\u0117jas &#8211; Andrius, 10.3.<\/li>\n<li>2025 06 18. 10.00 NFTMC B435 kab. Prane\u0161\u0117jas &#8211; Andrius, 10.3.<\/li>\n<li>2025 06 26. 10.00 NFTMC B435 kab. U\u017edaviniai i\u0161 10 skyriaus: 10.3 &#8211; Vytautas B., 10.6 &#8211; Thomas, 10.7, 10.9 &#8211; Just\u0117,\u00a010.8 &#8211; Vytautas D.<\/li>\n<li>2025 10 03 14.00 NFTMC B435 kab. Prane\u0161\u0117jas &#8211; Jevgenij, 11.1.<\/li>\n<li>2025 10 10 14.00 NFTMC B435 kab. Prane\u0161\u0117jas &#8211; Jevgenij, 11.2.1 &#8211; 11.2.3.<\/li>\n<li>2025 10 17 14.00 NFTMC B435 kab. Prane\u0161\u0117jas &#8211; Jevgenij, 11.2.4 &#8211; 11.4.<\/li>\n<li>2025 10 24. 14.00 NFTMC B435 kab. U\u017edaviniai i\u0161 11 skyriaus: Vytautas B.\u00a0 &#8211; 11.2 (nepilnai), Simonas \u2013 11.3, Just\u0117 \u2013 11.4, 11.7, Andrius \u2013 11.5, Vytautas D. \u2013 11.6.<\/li>\n<li>2025 10 31 14.00 NFTMC B435 kab. Prane\u0161\u0117jas &#8211; Andrius, 12.1 &#8211; 12.3.<\/li>\n<li>2025 11 07 14.00 NFTMC B435 kab. Prane\u0161\u0117jas &#8211; Andrius, 12.3.1 &#8211; 12.3.2.<\/li>\n<li>2025 11 14 14.00 NFTMC B435 kab. Prane\u0161\u0117jas &#8211; Andrius, 12.4 &#8211; 12.5.<\/li>\n<li>2025 11 21. 14.00 NFTMC B435 kab. U\u017edaviniai i\u0161 12 skyriaus: Simonas &#8211; 12.1, Vytautas D. &#8211; 12.2, Jevgenij &#8211; 12.3, Just\u0117 &#8211; 12.4.<\/li>\n<\/ol>\n","protected":false},"excerpt":{"rendered":"<p>Seminar\u0173 med\u017eiaga &#8211; knyga &#8222;Introduction to Plasma Physics: With Space, Laboratory and Astrophysical Applications&#8221;, Gurnett ir Bhattacharjee. &nbsp; Seminar\u0173 ciklas baigtas! &nbsp; Seminar\u0173 istorija: 2023 09 29 9.00 NFTMC B435 kab. Prane\u0161\u0117ja &#8211; Gabriel\u0117, 1-2 skyriai. 2023 10 06 9.00 NFTMC B435 kab. U\u017edaviniai i\u0161 2 skyriaus: 2.1 &#8211; Rokas, 2.2 &#8211; Justina,\u00a0 2.3 &#8211; [&hellip;]<\/p>\n","protected":false},"author":1,"featured_media":0,"parent":0,"menu_order":0,"comment_status":"closed","ping_status":"closed","template":"","meta":{"footnotes":""},"class_list":["post-417","page","type-page","status-publish","hentry"],"_links":{"self":[{"href":"http:\/\/web.vu.lt\/ff\/a.gelzinis\/wp-json\/wp\/v2\/pages\/417","targetHints":{"allow":["GET"]}}],"collection":[{"href":"http:\/\/web.vu.lt\/ff\/a.gelzinis\/wp-json\/wp\/v2\/pages"}],"about":[{"href":"http:\/\/web.vu.lt\/ff\/a.gelzinis\/wp-json\/wp\/v2\/types\/page"}],"author":[{"embeddable":true,"href":"http:\/\/web.vu.lt\/ff\/a.gelzinis\/wp-json\/wp\/v2\/users\/1"}],"replies":[{"embeddable":true,"href":"http:\/\/web.vu.lt\/ff\/a.gelzinis\/wp-json\/wp\/v2\/comments?post=417"}],"version-history":[{"count":122,"href":"http:\/\/web.vu.lt\/ff\/a.gelzinis\/wp-json\/wp\/v2\/pages\/417\/revisions"}],"predecessor-version":[{"id":740,"href":"http:\/\/web.vu.lt\/ff\/a.gelzinis\/wp-json\/wp\/v2\/pages\/417\/revisions\/740"}],"wp:attachment":[{"href":"http:\/\/web.vu.lt\/ff\/a.gelzinis\/wp-json\/wp\/v2\/media?parent=417"}],"curies":[{"name":"wp","href":"https:\/\/api.w.org\/{rel}","templated":true}]}}