{"id":270,"date":"2022-09-22T05:57:59","date_gmt":"2022-09-22T07:57:59","guid":{"rendered":"http:\/\/web.vu.lt\/ff\/a.gelzinis\/?page_id=270"},"modified":"2023-07-02T06:15:11","modified_gmt":"2023-07-02T08:15:11","slug":"kosmologijos-seminarai","status":"publish","type":"page","link":"http:\/\/web.vu.lt\/ff\/a.gelzinis\/kosmologijos-seminarai\/","title":{"rendered":"Kosmologijos seminarai"},"content":{"rendered":"<p>Seminar\u0173 ciklas pabaigtas.<\/p>\n<p>Seminar\u0173 med\u017eiaga &#8211; Daniel Baumann paskait\u0173 kursas:<\/p>\n<p><a href=\"http:\/\/cosmology.amsterdam\/education\/cosmology\/\">http:\/\/cosmology.amsterdam\/education\/cosmology\/<\/a><\/p>\n<p>Paskait\u0173 konspektai pdf formatu pasiekiami <a href=\"https:\/\/www.dropbox.com\/s\/9y9bj9lzu2h0od9\/LecturesNotesV2.pdf?dl=0\">\u010dia<\/a>.<\/p>\n<p>&nbsp;<\/p>\n<p>Buv\u0119 seminarai:<\/p>\n<ol>\n<li>2022 09 27, prane\u0161\u0117jas Vytautas D., 1.1 &#8211; 1.2.1.<\/li>\n<li>2022 10 04, prane\u0161\u0117jas Vytautas D., 1.2.1 &#8211; 1.2.3.<\/li>\n<li>2022 10 18, prane\u0161\u0117jas Vytautas D., 1.3.<\/li>\n<li>2022 10 25, u\u017edaviniai i\u0161 1 skyriaus: p.6 (Rokas), p. 18 (Thomas), p.21 (Gabriel\u0117 &amp; Sandra), p. 24 (Vytautas D.).<\/li>\n<li>2022 11 15, u\u017edaviniai i\u0161 1 skyriaus: B.1.1 (Vytautas B.), B.1.2 (Andrius).<\/li>\n<li>2022 11 22, u\u017edaviniai i\u0161 1 skyriaus: B.1.4 (Jevgenij), B.1.5 (Simonas).<\/li>\n<li>2022 11 29, prane\u0161\u0117jas Andrius, 2.1 &#8211; 2.2, u\u017era\u0161ai pasiekiam <a href=\"http:\/\/web.vu.lt\/ff\/a.gelzinis\/wp-content\/uploads\/2022\/12\/Seminar_20221129.pdf\">\u010dia<\/a>.<\/li>\n<li>2022 12 06, prane\u0161\u0117jas Andrius, 2.3, u\u017era\u0161ai pasiekiami <a href=\"http:\/\/web.vu.lt\/ff\/a.gelzinis\/wp-content\/uploads\/2022\/12\/Seminar_20221206.pdf\">\u010dia<\/a>.<\/li>\n<li>2022 12 13, prane\u0161\u0117jas Jevgenij, 3.1 &#8211; 3.2.2.<\/li>\n<li>2022 12 20, prane\u0161\u0117jas Jevgenij, 3.2.2 &#8211; 3.3.2.<\/li>\n<li>2023 01 17, prane\u0161\u0117jas Jevgenij, 3.3.2 &#8211; 3.3.4, skaidr\u0117s pasiekiamos <a href=\"http:\/\/web.vu.lt\/ff\/a.gelzinis\/wp-content\/uploads\/2023\/01\/Chapter3.pdf\">\u010dia<\/a>.<\/li>\n<li>2023 01 24, u\u017edaviniai i\u0161 2-3 skyri\u0173: p. 46 (3 u\u017ed., Thomas), p. 47 ir p. 50 (Gabriel\u0117).<\/li>\n<li>2023 01 31, u\u017edaviniai i\u0161 2-3 skyri\u0173: p. 62 (2 u\u017ed.) ir p. 63 &#8211; Rokas.<\/li>\n<li>2023 02 10, u\u017edaviniai i\u0161 2-3 skyri\u0173: p. 58 ir p. 61 &#8211; Jevgenij, B.2.2 &#8211; Simonas, B.2.3 &#8211; Andrius.<\/li>\n<li>2023 02 17, u\u017edaviniai i\u0161 2-3 skyri\u0173: B.2.1 &#8211; Vytautas B., B.2.4 &#8211; Augustinas.<\/li>\n<li>2023 02 24, u\u017edaviniai i\u0161 2-3 skyri\u0173: B.2.5 &#8211; Vytautas D.; toliau 4.1, prane\u0161\u0117jas &#8211; Thomas.<\/li>\n<li>2023 03 03, prane\u0161\u0117jas Thomas, 4.1 &#8211; 4.3.1.<\/li>\n<li>2023 03 10, prane\u0161\u0117jas Thomas, 4.3.1 &#8211; 4.3.2.<\/li>\n<li>2023 03 17, u\u017edaviniai i\u0161 4 skyriaus: 74 psl. &#8211; Vytautas D., 76 psl. &#8211; Gabriel\u0117, 78 psl. &#8211; Andrius.<\/li>\n<li>2023 03 24, u\u017edaviniai i\u0161 4 skyriaus: 75 psl.- Sandra.<\/li>\n<li>2023 03 31, prane\u0161\u0117jas Thomas, 4.3.2 &#8211; 4.5.<\/li>\n<li>2023 04 05, u\u017edaviniai i\u0161 4 skyriaus:\u00a0 81 psl. &#8211; Vytautas B.,\u00a085 psl. &#8211; Jevgenij,\u00a086 psl. &#8211; Simonas.<\/li>\n<li>2023 04 14, u\u017edaviniai i\u0161 4 skyriaus: 80 psl. &#8211; Augustinas.<\/li>\n<li>2023 04 21, prane\u0161\u0117jas Vytautas D., 5.1<\/li>\n<li>2023 04 28, prane\u0161\u0117jas Vytautas D., 5.2-5.3.<\/li>\n<li>2023 05 05, u\u017edaviniai i\u0161 5 skyriaus: Andrius &#8211; B.3.2, Thomas &#8211; B.3.3.<\/li>\n<li>2023 05 26, u\u017edaviniai i\u0161 5 skyriaus: Vytautas B. &#8211; B.3.1; prane\u0161\u0117jas &#8211; Rokas, 6.1 &#8211; 6.3<\/li>\n<li>2023 06 09, prane\u0161\u0117jas &#8211; Rokas, 6.4 &#8211; 6.5; u\u017edaviniai i\u0161 6 skyriaus: 111 psl. &#8211; Thomas<\/li>\n<li>2023 06 15, u\u017edaviniai i\u0161 6 skyriaus: 104 psl. &#8211; Augustinas, 112 psl. &#8211; Vytautas D.,\u00a0B.4.1 &#8211; Simonas, B.4.2 &#8211; Jevgenij,\u00a0Andrius &#8211; klausimas d\u0117l \\delta g_0\\mu ir infliacijos parametro epsilon.<\/li>\n<\/ol>\n","protected":false},"excerpt":{"rendered":"<p>Seminar\u0173 ciklas pabaigtas. Seminar\u0173 med\u017eiaga &#8211; Daniel Baumann paskait\u0173 kursas: http:\/\/cosmology.amsterdam\/education\/cosmology\/ Paskait\u0173 konspektai pdf formatu pasiekiami \u010dia. &nbsp; Buv\u0119 seminarai: 2022 09 27, prane\u0161\u0117jas Vytautas D., 1.1 &#8211; 1.2.1. 2022 10 04, prane\u0161\u0117jas Vytautas D., 1.2.1 &#8211; 1.2.3. 2022 10 18, prane\u0161\u0117jas Vytautas D., 1.3. 2022 10 25, u\u017edaviniai i\u0161 1 skyriaus: p.6 (Rokas), p. [&hellip;]<\/p>\n","protected":false},"author":1,"featured_media":0,"parent":0,"menu_order":0,"comment_status":"closed","ping_status":"closed","template":"","meta":{"footnotes":""},"class_list":["post-270","page","type-page","status-publish","hentry"],"_links":{"self":[{"href":"http:\/\/web.vu.lt\/ff\/a.gelzinis\/wp-json\/wp\/v2\/pages\/270","targetHints":{"allow":["GET"]}}],"collection":[{"href":"http:\/\/web.vu.lt\/ff\/a.gelzinis\/wp-json\/wp\/v2\/pages"}],"about":[{"href":"http:\/\/web.vu.lt\/ff\/a.gelzinis\/wp-json\/wp\/v2\/types\/page"}],"author":[{"embeddable":true,"href":"http:\/\/web.vu.lt\/ff\/a.gelzinis\/wp-json\/wp\/v2\/users\/1"}],"replies":[{"embeddable":true,"href":"http:\/\/web.vu.lt\/ff\/a.gelzinis\/wp-json\/wp\/v2\/comments?post=270"}],"version-history":[{"count":48,"href":"http:\/\/web.vu.lt\/ff\/a.gelzinis\/wp-json\/wp\/v2\/pages\/270\/revisions"}],"predecessor-version":[{"id":413,"href":"http:\/\/web.vu.lt\/ff\/a.gelzinis\/wp-json\/wp\/v2\/pages\/270\/revisions\/413"}],"wp:attachment":[{"href":"http:\/\/web.vu.lt\/ff\/a.gelzinis\/wp-json\/wp\/v2\/media?parent=270"}],"curies":[{"name":"wp","href":"https:\/\/api.w.org\/{rel}","templated":true}]}}